{"id":289,"date":"2025-02-20T15:54:05","date_gmt":"2025-02-20T15:54:05","guid":{"rendered":"https:\/\/galjos.cl\/?page_id=289"},"modified":"2025-02-27T16:08:24","modified_gmt":"2025-02-27T16:08:24","slug":"contactos","status":"publish","type":"page","link":"https:\/\/galjos.cl\/index.php\/contactos\/","title":{"rendered":"Contactos"},"content":{"rendered":"<p>[et_pb_section fb_built=\u00bb1&#8243; next_background_color=\u00bb#000000&#8243; admin_label=\u00bbHero\u00bb _builder_version=\u00bb4.27.4&#8243; use_background_color_gradient=\u00bbon\u00bb background_color_gradient_type=\u00bbcircular\u00bb background_color_gradient_direction_radial=\u00bbtop left\u00bb background_color_gradient_stops=\u00bbrgba(40,40,40,0.79) 0%|rgba(40,40,40,0.86) 100%\u00bb background_color_gradient_overlays_image=\u00bbon\u00bb background_color_gradient_start=\u00bbrgba(40,40,40,0.79)\u00bb background_color_gradient_end=\u00bbrgba(40,40,40,0.86)\u00bb background_image=\u00bbhttps:\/\/galjos.cl\/wp-content\/uploads\/2025\/02\/llamando.jpg\u00bb custom_padding=\u00bb0px||0px||true|false\u00bb top_divider_style=\u00bbmountains\u00bb top_divider_color=\u00bb#0a0a0a\u00bb top_divider_height=\u00bb50px\u00bb bottom_divider_style=\u00bbmountains\u00bb bottom_divider_height=\u00bb60px\u00bb global_colors_info=\u00bb{}\u00bb][et_pb_row column_structure=\u00bb2_3,1_3&#8243; use_custom_gutter=\u00bbon\u00bb make_equal=\u00bbon\u00bb padding_top_bottom_link_1=\u00bbtrue\u00bb padding_top_bottom_link_2=\u00bbtrue\u00bb padding_left_right_link_1=\u00bbtrue\u00bb padding_left_right_link_2=\u00bbtrue\u00bb background_color_gradient_type_1=\u00bbcircular\u00bb _builder_version=\u00bb4.27.4&#8243; width=\u00bb100%\u00bb max_width=\u00bb100%\u00bb custom_margin=\u00bb0px||||false|false\u00bb custom_padding=\u00bb0px||0px||true\u00bb use_custom_width=\u00bbon\u00bb width_unit=\u00bboff\u00bb custom_width_percent=\u00bb100%\u00bb global_colors_info=\u00bb{}\u00bb][et_pb_column type=\u00bb2_3&#8243; _builder_version=\u00bb4.16&#8243; background_color_gradient_start=\u00bbrgba(40,40,40,0.79)\u00bb background_color_gradient_end=\u00bbrgba(40,40,40,0.86)\u00bb custom_padding=\u00bb10vw|6vw|10vw|6vw\u00bb custom_padding_tablet=\u00bb10vw|10%|10vw|10%|true|true\u00bb custom_padding_phone=\u00bb10vw|10%|10vw|10%|true|true\u00bb custom_padding_last_edited=\u00bbon|desktop\u00bb global_colors_info=\u00bb{}\u00bb padding_tablet=\u00bb10vw|10%|10vw|10%|true|true\u00bb padding_last_edited=\u00bbon|desktop\u00bb custom_padding__hover=\u00bb|||\u00bb padding_phone=\u00bb10vw|10%|10vw|10%|true|true\u00bb][et_pb_text _builder_version=\u00bb4.27.4&#8243; text_font=\u00bb||||||||\u00bb header_font=\u00bbKhand|700|||||||\u00bb header_font_size=\u00bb64px\u00bb header_line_height=\u00bb1.1em\u00bb background_layout=\u00bbdark\u00bb max_width=\u00bb800px\u00bb min_height=\u00bb71.4px\u00bb custom_margin=\u00bb-30px||0px||false|false\u00bb custom_padding=\u00bb0px|||16px|false|false\u00bb animation_style=\u00bbfold\u00bb animation_direction=\u00bbbottom\u00bb text_font_size_tablet=\u00bb14px\u00bb text_font_size_last_edited=\u00bboff|desktop\u00bb header_font_size_tablet=\u00bb44px\u00bb header_font_size_phone=\u00bb32px\u00bb header_font_size_last_edited=\u00bbon|phone\u00bb border_color_all=\u00bb#ffb400&#8243; border_width_left=\u00bb10px\u00bb border_color_left=\u00bb#FF5925&#8243; global_colors_info=\u00bb{}\u00bb]<\/p>\n<h1>Cont\u00e1ctanos<\/h1>\n<p>[\/et_pb_text][et_pb_contact_form captcha=\u00bboff\u00bb email=\u00bbservicios@galjos.cl\u00bb title=\u00bbD\u00e9jenos un mensaje y pronto le cont\u00e1ctaremos seg\u00fan su preferencia\u00bb success_message=\u00bbMensaje enviado con \u00e9xito\u00bb submit_button_text=\u00bbEnviar\u00bb _builder_version=\u00bb4.27.4&#8243; _module_preset=\u00bbdefault\u00bb _unique_id=\u00bbcbd7c152-88ae-45f8-969e-0ff8c3eb019f\u00bb form_field_background_color=\u00bbRGBA(255,255,255,0)\u00bb form_field_text_color=\u00bb#FFFFFF\u00bb title_text_color=\u00bb#FFFFFF\u00bb title_font_size=\u00bb16px\u00bb title_line_height=\u00bb1.6em\u00bb form_field_font=\u00bbKhand|500|||||||\u00bb form_field_font_size=\u00bb15px\u00bb background_color=\u00bbRGBA(255,255,255,0)\u00bb custom_button=\u00bbon\u00bb button_text_size=\u00bb16px\u00bb button_text_color=\u00bb#FFFFFF\u00bb button_bg_color=\u00bb#FF5925&#8243; button_border_width=\u00bb0px\u00bb button_border_radius=\u00bb0px\u00bb button_font=\u00bbKhand|600|||||||\u00bb button_icon=\u00bb&#x39;||divi||400&#8243; button_custom_margin=\u00bb10px||||false|false\u00bb button_custom_padding=\u00bb12px|30px|12px|30px|true|true\u00bb button_custom_padding_tablet=\u00bb11px|25px|11px|25px|true|true\u00bb button_custom_padding_phone=\u00bb10px|20px|10px|20px|true|true\u00bb button_custom_padding_last_edited=\u00bbon|phone\u00bb custom_margin=\u00bb25px||||false|false\u00bb animation_style=\u00bbslide\u00bb animation_direction=\u00bbbottom\u00bb animation_duration=\u00bb800ms\u00bb hover_enabled=\u00bb0&#8243; button_text_size_tablet=\u00bb15px\u00bb button_text_size_phone=\u00bb14px\u00bb button_text_size_last_edited=\u00bbon|phone\u00bb border_width_all=\u00bb2px\u00bb border_color_all=\u00bb#FFFFFF\u00bb global_colors_info=\u00bb{}\u00bb button_bg_color__hover_enabled=\u00bbon|desktop\u00bb button_bg_color__hover=\u00bb#FFFFFF\u00bb button_bg_enable_color__hover=\u00bbon\u00bb button_text_color__hover_enabled=\u00bbon|hover\u00bb button_text_color__hover=\u00bb#000000&#8243; form_field_background_color__hover_enabled=\u00bbon|hover\u00bb form_field_background_color__hover=\u00bbrgba(115,115,115,0.38)\u00bb form_field_text_color__hover_enabled=\u00bbon|hover\u00bb form_field_text_color__hover=\u00bb#FFFFFF\u00bb form_field_focus_background_color__hover_enabled=\u00bbon|hover\u00bb form_field_focus_background_color__hover=\u00bbRGBA(255,255,255,0)\u00bb form_field_focus_text_color__hover_enabled=\u00bbon|hover\u00bb form_field_focus_text_color__hover=\u00bb#FFFFFF\u00bb sticky_enabled=\u00bb0&#8243;][et_pb_contact_field field_id=\u00bbName\u00bb field_title=\u00bbNombre\u00bb _builder_version=\u00bb4.27.4&#8243; _module_preset=\u00bbdefault\u00bb global_colors_info=\u00bb{}\u00bb button_text_size__hover_enabled=\u00bboff\u00bb button_one_text_size__hover_enabled=\u00bboff\u00bb button_two_text_size__hover_enabled=\u00bboff\u00bb button_text_color__hover_enabled=\u00bboff\u00bb button_one_text_color__hover_enabled=\u00bboff\u00bb button_two_text_color__hover_enabled=\u00bboff\u00bb button_border_width__hover_enabled=\u00bboff\u00bb button_one_border_width__hover_enabled=\u00bboff\u00bb button_two_border_width__hover_enabled=\u00bboff\u00bb button_border_color__hover_enabled=\u00bboff\u00bb button_one_border_color__hover_enabled=\u00bboff\u00bb button_two_border_color__hover_enabled=\u00bboff\u00bb button_border_radius__hover_enabled=\u00bboff\u00bb button_one_border_radius__hover_enabled=\u00bboff\u00bb button_two_border_radius__hover_enabled=\u00bboff\u00bb button_letter_spacing__hover_enabled=\u00bboff\u00bb button_one_letter_spacing__hover_enabled=\u00bboff\u00bb button_two_letter_spacing__hover_enabled=\u00bboff\u00bb button_bg_color__hover_enabled=\u00bboff\u00bb button_one_bg_color__hover_enabled=\u00bboff\u00bb button_two_bg_color__hover_enabled=\u00bboff\u00bb][\/et_pb_contact_field][et_pb_contact_field field_id=\u00bbApellido\u00bb field_title=\u00bbApellido\u00bb _builder_version=\u00bb4.27.4&#8243; _module_preset=\u00bbdefault\u00bb global_colors_info=\u00bb{}\u00bb][\/et_pb_contact_field][et_pb_contact_field field_id=\u00bbEmail\u00bb field_title=\u00bbCorreo\u00bb field_type=\u00bbemail\u00bb _builder_version=\u00bb4.27.4&#8243; _module_preset=\u00bbdefault\u00bb global_colors_info=\u00bb{}\u00bb button_text_size__hover_enabled=\u00bboff\u00bb button_one_text_size__hover_enabled=\u00bboff\u00bb button_two_text_size__hover_enabled=\u00bboff\u00bb button_text_color__hover_enabled=\u00bboff\u00bb button_one_text_color__hover_enabled=\u00bboff\u00bb button_two_text_color__hover_enabled=\u00bboff\u00bb button_border_width__hover_enabled=\u00bboff\u00bb button_one_border_width__hover_enabled=\u00bboff\u00bb button_two_border_width__hover_enabled=\u00bboff\u00bb button_border_color__hover_enabled=\u00bboff\u00bb button_one_border_color__hover_enabled=\u00bboff\u00bb button_two_border_color__hover_enabled=\u00bboff\u00bb button_border_radius__hover_enabled=\u00bboff\u00bb button_one_border_radius__hover_enabled=\u00bboff\u00bb button_two_border_radius__hover_enabled=\u00bboff\u00bb button_letter_spacing__hover_enabled=\u00bboff\u00bb button_one_letter_spacing__hover_enabled=\u00bboff\u00bb button_two_letter_spacing__hover_enabled=\u00bboff\u00bb button_bg_color__hover_enabled=\u00bboff\u00bb button_one_bg_color__hover_enabled=\u00bboff\u00bb button_two_bg_color__hover_enabled=\u00bboff\u00bb][\/et_pb_contact_field][et_pb_contact_field field_id=\u00bbTelefono\u00bb field_title=\u00bbTel\u00e9fono\u00bb _builder_version=\u00bb4.27.4&#8243; _module_preset=\u00bbdefault\u00bb global_colors_info=\u00bb{}\u00bb][\/et_pb_contact_field][et_pb_contact_field field_id=\u00bbSolicitud\u00bb field_title=\u00bbMotivo\u00bb field_type=\u00bbselect\u00bb select_options=\u00bb%91{%22value%22:%22Cotizaci\u00f3n%22,%22checked%22:0,%22dragID%22:-1},{%22value%22:%22Informaci\u00f3n%22,%22checked%22:0,%22dragID%22:0},{%22value%22:%22Otra solicitud%22,%22checked%22:0,%22dragID%22:1}%93&#8243; _builder_version=\u00bb4.27.4&#8243; _module_preset=\u00bbdefault\u00bb global_colors_info=\u00bb{}\u00bb form_field_background_color__hover_enabled=\u00bbon|hover\u00bb form_field_background_color__hover=\u00bbrgba(115,115,115,0.54)\u00bb form_field_text_color__hover_enabled=\u00bbon|hover\u00bb form_field_text_color__hover=\u00bb#FFFFFF\u00bb form_field_focus_background_color__hover_enabled=\u00bbon|hover\u00bb form_field_focus_background_color__hover=\u00bb#7F7F7F\u00bb form_field_focus_text_color__hover_enabled=\u00bbon|hover\u00bb form_field_focus_text_color__hover=\u00bb#FFFFFF\u00bb][\/et_pb_contact_field][et_pb_contact_field field_id=\u00bbPreferencia_de_Contacto\u00bb field_title=\u00bbPreferencia Contacto\u00bb field_type=\u00bbselect\u00bb select_options=\u00bb%91{%22value%22:%22Correo%22,%22checked%22:0,%22dragID%22:-1},{%22value%22:%22Tel\u00e9fono%22,%22checked%22:0,%22dragID%22:0},{%22value%22:%22WhatsApp%22,%22checked%22:0,%22dragID%22:1}%93&#8243; _builder_version=\u00bb4.27.4&#8243; _module_preset=\u00bbdefault\u00bb form_field_background_color=\u00bbRGBA(255,255,255,0)\u00bb form_field_text_color=\u00bb#FFFFFF\u00bb global_colors_info=\u00bb{}\u00bb form_field_background_color__hover_enabled=\u00bbon|hover\u00bb form_field_text_color__hover_enabled=\u00bbon|desktop\u00bb form_field_focus_background_color__hover_enabled=\u00bbon|hover\u00bb form_field_focus_background_color__hover=\u00bb#7F7F7F\u00bb form_field_focus_text_color__hover_enabled=\u00bbon|hover\u00bb form_field_focus_text_color__hover=\u00bb#FFFFFF\u00bb form_field_background_color__hover=\u00bbRGBA(255,255,255,0)\u00bb form_field_text_color__hover=\u00bb#FFFFFF\u00bb][\/et_pb_contact_field][et_pb_contact_field field_id=\u00bbMessage\u00bb field_title=\u00bbMensaje\u00bb field_type=\u00bbtext\u00bb fullwidth_field=\u00bbon\u00bb _builder_version=\u00bb4.27.4&#8243; _module_preset=\u00bbdefault\u00bb global_colors_info=\u00bb{}\u00bb button_text_size__hover_enabled=\u00bboff\u00bb button_one_text_size__hover_enabled=\u00bboff\u00bb button_two_text_size__hover_enabled=\u00bboff\u00bb button_text_color__hover_enabled=\u00bboff\u00bb button_one_text_color__hover_enabled=\u00bboff\u00bb button_two_text_color__hover_enabled=\u00bboff\u00bb button_border_width__hover_enabled=\u00bboff\u00bb button_one_border_width__hover_enabled=\u00bboff\u00bb button_two_border_width__hover_enabled=\u00bboff\u00bb button_border_color__hover_enabled=\u00bboff\u00bb button_one_border_color__hover_enabled=\u00bboff\u00bb button_two_border_color__hover_enabled=\u00bboff\u00bb button_border_radius__hover_enabled=\u00bboff\u00bb button_one_border_radius__hover_enabled=\u00bboff\u00bb button_two_border_radius__hover_enabled=\u00bboff\u00bb button_letter_spacing__hover_enabled=\u00bboff\u00bb button_one_letter_spacing__hover_enabled=\u00bboff\u00bb button_two_letter_spacing__hover_enabled=\u00bboff\u00bb button_bg_color__hover_enabled=\u00bboff\u00bb button_one_bg_color__hover_enabled=\u00bboff\u00bb button_two_bg_color__hover_enabled=\u00bboff\u00bb][\/et_pb_contact_field][\/et_pb_contact_form][\/et_pb_column][et_pb_column type=\u00bb1_3&#8243; _builder_version=\u00bb4.27.4&#8243; background_color=\u00bb#FF5925&#8243; custom_padding=\u00bb80px|40px|80px|40px\u00bb custom_padding_tablet=\u00bb|10%||10%||true\u00bb custom_padding_phone=\u00bb|10%||10%||true\u00bb custom_padding_last_edited=\u00bbon|desktop\u00bb hover_enabled=\u00bb0&#8243; global_colors_info=\u00bb{}\u00bb padding_tablet=\u00bb|10%||10%||true\u00bb padding_last_edited=\u00bbon|desktop\u00bb custom_padding__hover=\u00bb|||\u00bb padding_phone=\u00bb|10%||10%||true\u00bb sticky_enabled=\u00bb0&#8243;][et_pb_text _builder_version=\u00bb4.27.4&#8243; header_font=\u00bb||||||||\u00bb header_2_font=\u00bbKhand|700|||||||\u00bb header_2_text_color=\u00bb#FFFFFF\u00bb header_2_font_size=\u00bb32px\u00bb header_2_line_height=\u00bb1.2em\u00bb custom_margin=\u00bb|||\u00bb custom_padding=\u00bb|||\u00bb animation_style=\u00bbslide\u00bb animation_direction=\u00bbtop\u00bb header_2_font_size_last_edited=\u00bboff|desktop\u00bb global_colors_info=\u00bb{}\u00bb]<\/p>\n<h2>Informaci\u00f3n de Contacto<\/h2>\n<p>[\/et_pb_text][et_pb_blurb title=\u00bbOficina\u00bb use_icon=\u00bbon\u00bb font_icon=\u00bb&#xe01d;||divi||400&#8243; icon_color=\u00bb#ffffff\u00bb icon_placement=\u00bbleft\u00bb image_icon_width=\u00bb56px\u00bb content_max_width=\u00bb1100px\u00bb content_max_width_tablet=\u00bb1100px\u00bb content_max_width_last_edited=\u00bboff|desktop\u00bb _builder_version=\u00bb4.27.4&#8243; header_font=\u00bbKhand|700|||||||\u00bb header_text_color=\u00bb#FFFFFF\u00bb header_letter_spacing=\u00bb1px\u00bb header_line_height=\u00bb1.4em\u00bb body_font=\u00bbKhand||||||||\u00bb body_font_size=\u00bb15px\u00bb background_layout=\u00bbdark\u00bb custom_margin=\u00bb|||\u00bb custom_padding=\u00bb|||\u00bb animation_style=\u00bbslide\u00bb animation_direction=\u00bbright\u00bb animation_duration=\u00bb500ms\u00bb animation_intensity_slide=\u00bb10%\u00bb animation=\u00bboff\u00bb icon_font_size=\u00bb56px\u00bb global_colors_info=\u00bb{}\u00bb]<\/p>\n<p>Los mimbros 584 &#8211; Concepci\u00f3n<\/p>\n<p>[\/et_pb_blurb][et_pb_blurb title=\u00bbHorario Atenci\u00f3n\u00bb use_icon=\u00bbon\u00bb font_icon=\u00bb&#x7d;||divi||400&#8243; icon_color=\u00bb#ffffff\u00bb icon_placement=\u00bbleft\u00bb image_icon_width=\u00bb56px\u00bb content_max_width=\u00bb1100px\u00bb _builder_version=\u00bb4.27.4&#8243; header_font=\u00bbKhand|700|||||||\u00bb header_text_color=\u00bb#FFFFFF\u00bb header_letter_spacing=\u00bb1px\u00bb header_line_height=\u00bb1.4em\u00bb body_font=\u00bbKhand||||||||\u00bb body_font_size=\u00bb15px\u00bb background_layout=\u00bbdark\u00bb custom_margin=\u00bb|||\u00bb custom_padding=\u00bb|||\u00bb animation_style=\u00bbslide\u00bb animation_direction=\u00bbleft\u00bb animation_duration=\u00bb800ms\u00bb animation_intensity_slide=\u00bb10%\u00bb animation=\u00bboff\u00bb icon_font_size=\u00bb56px\u00bb global_colors_info=\u00bb{}\u00bb]<\/p>\n<p>Lunes a Viernes: 8:30 &#8211; 18:30 hrs.<\/p>\n<p>[\/et_pb_blurb][et_pb_blurb title=\u00bbWhats App\u00bb use_icon=\u00bbon\u00bb font_icon=\u00bb&#x76;||divi||400&#8243; icon_color=\u00bb#ffffff\u00bb icon_placement=\u00bbleft\u00bb image_icon_width=\u00bb56px\u00bb content_max_width=\u00bb1100px\u00bb _builder_version=\u00bb4.27.4&#8243; header_font=\u00bbKhand|700|||||||\u00bb header_text_color=\u00bb#FFFFFF\u00bb header_letter_spacing=\u00bb1px\u00bb header_line_height=\u00bb1.4em\u00bb body_font=\u00bbKhand||||||||\u00bb body_font_size=\u00bb15px\u00bb background_layout=\u00bbdark\u00bb custom_margin=\u00bb|||\u00bb custom_padding=\u00bb|||\u00bb animation_style=\u00bbslide\u00bb animation_direction=\u00bbright\u00bb animation_intensity_slide=\u00bb10%\u00bb animation=\u00bboff\u00bb link_option_url=\u00bbhttps:\/\/wa.me\/56944031333\/?text=Hola,%20en%20qu%C3%A9%20podemos%20ayudarte\u00bb hover_enabled=\u00bb0&#8243; body_text_color_tablet=\u00bb\u00bb body_text_color_phone=\u00bb#FFFFFF\u00bb body_text_color_last_edited=\u00bbon|phone\u00bb icon_font_size=\u00bb56px\u00bb global_colors_info=\u00bb{}\u00bb sticky_enabled=\u00bb0&#8243; link_option_url_new_window=\u00bbon\u00bb]<\/p>\n<p>+569 &#8211; 4403 1333<\/p>\n<p>[\/et_pb_blurb][et_pb_blurb title=\u00bbCorreo\u00bb use_icon=\u00bbon\u00bb font_icon=\u00bb&#xe010;||divi||400&#8243; icon_color=\u00bb#ffffff\u00bb icon_placement=\u00bbleft\u00bb image_icon_width=\u00bb56px\u00bb content_max_width=\u00bb1100px\u00bb _builder_version=\u00bb4.27.4&#8243; header_font=\u00bbKhand|700|||||||\u00bb header_text_color=\u00bb#FFFFFF\u00bb header_letter_spacing=\u00bb1px\u00bb header_line_height=\u00bb1.4em\u00bb body_font=\u00bbKhand||||||||\u00bb body_font_size=\u00bb15px\u00bb background_layout=\u00bbdark\u00bb custom_margin=\u00bb|||\u00bb custom_padding=\u00bb|||\u00bb animation_style=\u00bbslide\u00bb animation_direction=\u00bbleft\u00bb animation_duration=\u00bb1500ms\u00bb animation_intensity_slide=\u00bb10%\u00bb animation=\u00bboff\u00bb hover_enabled=\u00bb0&#8243; icon_font_size=\u00bb56px\u00bb global_colors_info=\u00bb{}\u00bb sticky_enabled=\u00bb0&#8243;]<\/p>\n<p><span style=\"color: #ffffff;\"><a href=\"mailto:servicios@galjos.cl\" target=\"_blank\" rel=\"noopener\" style=\"color: #ffffff;\">servicios@galjos.cl<\/a><\/span><\/p>\n<p>[\/et_pb_blurb][\/et_pb_column][\/et_pb_row][\/et_pb_section]<\/p>\n","protected":false},"excerpt":{"rendered":"<p>Cont\u00e1ctanosInformaci\u00f3n de ContactoLos mimbros 584 &#8211; Concepci\u00f3nLunes a Viernes: 8:30 &#8211; 18:30 hrs.+569 &#8211; 4403 1333servicios@galjos.cl<\/p>\n","protected":false},"author":1,"featured_media":0,"parent":0,"menu_order":0,"comment_status":"closed","ping_status":"closed","template":"","meta":{"_et_pb_use_builder":"on","_et_pb_old_content":"","_et_gb_content_width":"","_joinchat":[],"footnotes":""},"class_list":["post-289","page","type-page","status-publish","hentry"],"_links":{"self":[{"href":"https:\/\/galjos.cl\/index.php\/wp-json\/wp\/v2\/pages\/289","targetHints":{"allow":["GET"]}}],"collection":[{"href":"https:\/\/galjos.cl\/index.php\/wp-json\/wp\/v2\/pages"}],"about":[{"href":"https:\/\/galjos.cl\/index.php\/wp-json\/wp\/v2\/types\/page"}],"author":[{"embeddable":true,"href":"https:\/\/galjos.cl\/index.php\/wp-json\/wp\/v2\/users\/1"}],"replies":[{"embeddable":true,"href":"https:\/\/galjos.cl\/index.php\/wp-json\/wp\/v2\/comments?post=289"}],"version-history":[{"count":39,"href":"https:\/\/galjos.cl\/index.php\/wp-json\/wp\/v2\/pages\/289\/revisions"}],"predecessor-version":[{"id":561,"href":"https:\/\/galjos.cl\/index.php\/wp-json\/wp\/v2\/pages\/289\/revisions\/561"}],"wp:attachment":[{"href":"https:\/\/galjos.cl\/index.php\/wp-json\/wp\/v2\/media?parent=289"}],"curies":[{"name":"wp","href":"https:\/\/api.w.org\/{rel}","templated":true}]}}